{"id":11877,"date":"2020-01-29T04:47:07","date_gmt":"2020-01-29T04:47:07","guid":{"rendered":"http:\/\/emphires-demo.creativesplanet.com\/demo1\/?page_id=11877"},"modified":"2023-11-06T17:59:05","modified_gmt":"2023-11-06T14:59:05","slug":"homepage-02","status":"publish","type":"page","link":"https:\/\/www.masssrcquality.com\/","title":{"rendered":"Homepage 02"},"content":{"rendered":"<p>[vc_row cspt-bg-color=&#8221;globalcolor&#8221; cspt-bg-image-position=&#8221;center-center&#8221; cspt-bg-image-color-order=&#8221;image-over-color&#8221; full_width=&#8221;stretch_row&#8221; equal_height=&#8221;yes&#8221; content_placement=&#8221;middle&#8221; css=&#8221;.vc_custom_1580883759013{padding-top: 0px !important;padding-bottom: 0px !important;background-image: url(http:\/\/emphires-demo.creativesplanet.com\/datasite-emphires\/wp-content\/uploads\/sites\/10\/2020\/02\/trans-pattern.png?id=12625) !important;background-position: 0 0 !important;background-repeat: repeat !important;}&#8221;][vc_column width=&#8221;1\/4&#8243; css=&#8221;.vc_custom_1581392576964{margin-top: 95px !important;margin-bottom: 90px !important;}&#8221;][vc_row_inner cspt-text-color=&#8221;blackish&#8221; cspt-bg-color=&#8221;white&#8221; cspt-zindex=&#8221;2&#8243; el_class=&#8221;cspt-box-shadow-1 cspt-border-radius-1&#8243; css=&#8221;.vc_custom_1581392741101{margin-right: -230px !important;margin-left: 0px !important;padding-top: 35px !important;padding-right: 35px !important;padding-bottom: 15px !important;padding-left: 25px !important;}&#8221; cspt-responsive-css=&#8221;70826736|colbreak_no|||||||||colbreak_no|||||||||colbreak_no||-15||||15||15||colbreak_no|||||||||&#8221;][vc_column_inner][vc_custom_heading text=&#8221;Sadece Birka\u00e7 Dakikada H\u0131zl\u0131 Online Dan\u0131\u015fmanl\u0131k&#8221; font_container=&#8221;tag:h5|font_size:24px|text_align:left|line_height:36px&#8221; use_theme_fonts=&#8221;yes&#8221; css=&#8221;.vc_custom_1625579104483{margin-bottom: 20px !important;}&#8221; el_class=&#8221;cspt-f-weight-700&#8243;]<div role=\"form\" class=\"wpcf7\" id=\"wpcf7-f11892-o1\" lang=\"en-US\" dir=\"ltr\">\n<div class=\"screen-reader-response\"><p role=\"status\" aria-live=\"polite\" aria-atomic=\"true\"><\/p> <ul><\/ul><\/div>\n<form action=\"\/index.php?rest_route=%2Fwp%2Fv2%2Fpages%2F11877#wpcf7-f11892-o1\" method=\"post\" class=\"wpcf7-form init\" novalidate=\"novalidate\" data-status=\"init\">\n<div style=\"display: none;\">\n<input type=\"hidden\" name=\"_wpcf7\" value=\"11892\" \/>\n<input type=\"hidden\" name=\"_wpcf7_version\" value=\"5.4.1\" \/>\n<input type=\"hidden\" name=\"_wpcf7_locale\" value=\"en_US\" \/>\n<input type=\"hidden\" name=\"_wpcf7_unit_tag\" value=\"wpcf7-f11892-o1\" \/>\n<input type=\"hidden\" name=\"_wpcf7_container_post\" value=\"0\" \/>\n<input type=\"hidden\" name=\"_wpcf7_posted_data_hash\" value=\"\" \/>\n<\/div>\n<div class=\"cspt-main-form cspt-form-style-3\">\n<div class=\"row\">\n<div class=\"col-sm-12\">\n<div class=\"input-group\"><span class=\"wpcf7-form-control-wrap your-name\"><input type=\"text\" name=\"your-name\" value=\"\" size=\"40\" class=\"wpcf7-form-control wpcf7-text\" aria-invalid=\"false\" placeholder=\"Ad\" \/><\/span><\/div>\n<\/div>\n<div class=\"col-sm-12\">\n<div class=\"input-group\"><span class=\"wpcf7-form-control-wrap your-email\"><input type=\"email\" name=\"your-email\" value=\"\" size=\"40\" class=\"wpcf7-form-control wpcf7-text wpcf7-email wpcf7-validates-as-required wpcf7-validates-as-email\" aria-required=\"true\" aria-invalid=\"false\" placeholder=\"Email\" \/><\/span><\/div>\n<\/div>\n<div class=\"col-sm-12\">\n<div class=\"input-group\">\n\t\t\t\t <span class=\"wpcf7-form-control-wrap ChooseaAdviser\"><select name=\"ChooseaAdviser\" class=\"wpcf7-form-control wpcf7-select\" aria-invalid=\"false\"><option value=\"Dan\u0131\u015fman Se\u00e7iniz\">Dan\u0131\u015fman Se\u00e7iniz<\/option><option value=\"Cihangir G\u00fcler\">Cihangir G\u00fcler<\/option><option value=\"\u00dcmm\u00fc G\u00fcler\">\u00dcmm\u00fc G\u00fcler<\/option><\/select><\/span>\n               <\/div>\n<\/div>\n<div class=\"col-sm-12\">\n<div class=\"input-group\">\n                 <span class=\"wpcf7-form-control-wrap ChooseaTraining\"><select name=\"ChooseaTraining\" class=\"wpcf7-form-control wpcf7-select\" aria-invalid=\"false\"><option value=\"E\u011fitim\">E\u011fitim<\/option><option value=\"\u0130nsan Kaynaklar\u0131\">\u0130nsan Kaynaklar\u0131<\/option><option value=\"M\u00fchendislik Hizmetleri\">M\u00fchendislik Hizmetleri<\/option><option value=\"Strategic\">Strategic<\/option><option value=\"Kalite Kontrol\">Kalite Kontrol<\/option><\/select><\/span>\n              <\/div>\n<\/div>\n<div class=\"col-sm-12\">\n<div class=\"input-button\"><button id='submit' class='wpcf7-form-control wpcf7-submit'>G\u00f6nder<\/button><\/div>\n<\/div>\n<\/div>\n<\/div>\n<div class=\"wpcf7-response-output\" aria-hidden=\"true\"><\/div><\/form><\/div>[\/vc_column_inner][\/vc_row_inner][\/vc_column][vc_column cspt-zindex=&#8221;1&#8243; cspt-extended-column=&#8221;right&#8221; width=&#8221;3\/4&#8243; cspt-strech-content=&#8221;yes&#8221; css=&#8221;.vc_custom_1583208581133{background-image: url(http:\/\/emphires-demo.creativesplanet.com\/datasite-emphires\/wp-content\/uploads\/sites\/10\/2020\/03\/bg-03.jpg?id=13783) !important;background-position: center !important;background-repeat: no-repeat !important;background-size: cover !important;}&#8221; el_class=&#8221;cspt-extend-colum-left-767 cspt-margin-wpb_wrpper-0&#8243; cspt-responsive-css=&#8221;16766690|colbreak_no|||||||||colbreak_no|||||||||colbreak_no|||||230||230|||colbreak_no|||||||||&#8221;][\/vc_column][\/vc_row][vc_row cspt-text-color=&#8221;white&#8221; cspt-bg-color=&#8221;blackish&#8221; cspt-bg-image-position=&#8221;center-top&#8221; cspt-bg-image-color-order=&#8221;image-over-color&#8221; full_width=&#8221;stretch_row&#8221; css=&#8221;.vc_custom_1583208625562{padding-top: 100px !important;padding-bottom: 120px !important;background-image: url(http:\/\/emphires-demo.creativesplanet.com\/datasite-emphires\/wp-content\/uploads\/sites\/10\/2020\/03\/bg-02.jpg?id=13774) !important;background-position: center !important;background-repeat: no-repeat !important;background-size: cover !important;}&#8221; cspt-responsive-css=&#8221;20424969|colbreak_no|||||||||colbreak_yes|||||||||colbreak_no||||||||||colbreak_no|||||||||&#8221;][vc_column width=&#8221;1\/2&#8243;][\/vc_column][vc_column width=&#8221;1\/2&#8243; cspt-responsive-css=&#8221;31478231|colbreak_no|||||||||colbreak_no|50||||||||colbreak_no||||||||||colbreak_no|||||||||&#8221;][vc_row_inner][vc_column_inner width=&#8221;1\/2&#8243;]<div  class=\"creativesplanet-ele creativesplanet-ele-fid creativesplanet-ele-fid-style-2 \"><div class=\"cspt-fld-contents\">\r\n\t<h4 class=\"cspt-fid-inner\">\r\n\t\t\t\t<span\r\n\t\t\tclass\t\t\t\t  = \"cspt-number-rotate\"\r\n\t\t\tdata-appear-animation = \"animateDigits\"\r\n\t\t\tdata-from             = \"0\"\r\n\t\t\tdata-to               = \"100\"\r\n\t\t\tdata-interval         = \"5\"\r\n\t\t\tdata-before           = \"\"\r\n\t\t\tdata-before-style     = \"\"\r\n\t\t\tdata-after            = \"\"\r\n\t\t\tdata-after-style      = \"\"\r\n\t\t\t>\r\n\t\t\t\t100\t\t<\/span>\r\n\t\t<span class=\"cspt-fid-sub\"><sub>+<\/sub><\/span>\r\n\t<\/h4>\r\n\t<h3 class=\"cspt-fid-title\"><span>REFERANS<br><\/span><\/h3>\r\n<\/div><!-- .cspt-fld-contents -->\r\n<\/div>[\/vc_column_inner][vc_column_inner width=&#8221;1\/2&#8243;]<div  class=\"creativesplanet-ele creativesplanet-ele-fid creativesplanet-ele-fid-style-2 \"><div class=\"cspt-fld-contents\">\r\n\t<h4 class=\"cspt-fid-inner\">\r\n\t\t\t\t<span\r\n\t\t\tclass\t\t\t\t  = \"cspt-number-rotate\"\r\n\t\t\tdata-appear-animation = \"animateDigits\"\r\n\t\t\tdata-from             = \"0\"\r\n\t\t\tdata-to               = \"80\"\r\n\t\t\tdata-interval         = \"5\"\r\n\t\t\tdata-before           = \"\"\r\n\t\t\tdata-before-style     = \"\"\r\n\t\t\tdata-after            = \"\"\r\n\t\t\tdata-after-style      = \"\"\r\n\t\t\t>\r\n\t\t\t\t80\t\t<\/span>\r\n\t\t<span class=\"cspt-fid-sub\"><sub>+<\/sub><\/span>\r\n\t<\/h4>\r\n\t<h3 class=\"cspt-fid-title\"><span>DEVAM EDEN PROJELER<br><\/span><\/h3>\r\n<\/div><!-- .cspt-fld-contents -->\r\n<\/div>[\/vc_column_inner][\/vc_row_inner][vc_row_inner css=&#8221;.vc_custom_1583124079305{margin-top: 35px !important;}&#8221;][vc_column_inner width=&#8221;1\/2&#8243;]<div  class=\"creativesplanet-ele creativesplanet-ele-fid creativesplanet-ele-fid-style-2 \"><div class=\"cspt-fld-contents\">\r\n\t<h4 class=\"cspt-fid-inner\">\r\n\t\t\t\t<span\r\n\t\t\tclass\t\t\t\t  = \"cspt-number-rotate\"\r\n\t\t\tdata-appear-animation = \"animateDigits\"\r\n\t\t\tdata-from             = \"0\"\r\n\t\t\tdata-to               = \"40\"\r\n\t\t\tdata-interval         = \"5\"\r\n\t\t\tdata-before           = \"\"\r\n\t\t\tdata-before-style     = \"\"\r\n\t\t\tdata-after            = \"\"\r\n\t\t\tdata-after-style      = \"\"\r\n\t\t\t>\r\n\t\t\t\t40\t\t<\/span>\r\n\t\t<span class=\"cspt-fid-sub\"><sub>+<\/sub><\/span>\r\n\t<\/h4>\r\n\t<h3 class=\"cspt-fid-title\"><span>M\u00dc\u015eTER\u0130<br><\/span><\/h3>\r\n<\/div><!-- .cspt-fld-contents -->\r\n<\/div>[\/vc_column_inner][vc_column_inner width=&#8221;1\/2&#8243;]<div  class=\"creativesplanet-ele creativesplanet-ele-fid creativesplanet-ele-fid-style-2 \"><div class=\"cspt-fld-contents\">\r\n\t<h4 class=\"cspt-fid-inner\">\r\n\t\t\t\t<span\r\n\t\t\tclass\t\t\t\t  = \"cspt-number-rotate\"\r\n\t\t\tdata-appear-animation = \"animateDigits\"\r\n\t\t\tdata-from             = \"0\"\r\n\t\t\tdata-to               = \"50\"\r\n\t\t\tdata-interval         = \"5\"\r\n\t\t\tdata-before           = \"\"\r\n\t\t\tdata-before-style     = \"\"\r\n\t\t\tdata-after            = \"\"\r\n\t\t\tdata-after-style      = \"\"\r\n\t\t\t>\r\n\t\t\t\t50\t\t<\/span>\r\n\t\t<span class=\"cspt-fid-sub\"><sub>+<\/sub><\/span>\r\n\t<\/h4>\r\n\t<h3 class=\"cspt-fid-title\"><span>B\u0130TEN PROJE<br><\/span><\/h3>\r\n<\/div><!-- .cspt-fld-contents -->\r\n<\/div>[\/vc_column_inner][\/vc_row_inner][\/vc_column][\/vc_row][vc_row cspt-zindex=&#8221;2&#8243; cspt-bg-image-color-order=&#8221;image-over-color&#8221; full_width=&#8221;stretch_row&#8221; css=&#8221;.vc_custom_1583139411222{margin-top: -100px !important;padding-top: 0px !important;padding-bottom: 0px !important;background-position: 0 0 !important;background-repeat: repeat !important;}&#8221; el_class=&#8221;cspt-overflow-visible&#8221; cspt-responsive-css=&#8221;34721044|colbreak_no|||||||||colbreak_yes|||||||||colbreak_no||||||||||colbreak_no|||||||||&#8221;][vc_column width=&#8221;1\/2&#8243;][\/vc_column][vc_column cspt-bg-color=&#8221;globalcolor&#8221; cspt-bg-image-color-order=&#8221;image-over-color&#8221; width=&#8221;1\/2&#8243; css=&#8221;.vc_custom_1583127847922{padding-top: 35px !important;padding-bottom: 35px !important;padding-left: 35px !important;background-image: url(http:\/\/emphires-demo.creativesplanet.com\/datasite-emphires\/wp-content\/uploads\/sites\/10\/2020\/02\/trans-pattern.png?id=12625) !important;background-position: 0 0 !important;background-repeat: repeat !important;}&#8221; el_class=&#8221;cspt-border-radius&#8221;][\/vc_column][\/vc_row]<\/p>\n","protected":false},"excerpt":{"rendered":"<p>[vc_row cspt-bg-color=&#8221;globalcolor&#8221; cspt-bg-image-position=&#8221;center-center&#8221; cspt-bg-image-color-order=&#8221;image-over-color&#8221; full_width=&#8221;stretch_row&#8221; equal_height=&#8221;yes&#8221; content_placement=&#8221;middle&#8221; css=&#8221;.vc_custom_1580883759013{padding-top: 0px !important;padding-bottom: 0px !important;background-image: url(http:\/\/emphires-demo.creativesplanet.com\/datasite-emphires\/wp-content\/uploads\/sites\/10\/2020\/02\/trans-pattern.png?id=12625) !important;background-position: 0 0 !important;background-repeat: repeat !important;}&#8221;][vc_column width=&#8221;1\/4&#8243; css=&#8221;.vc_custom_1581392576964{margin-top: 95px !important;margin-bottom: 90px !important;}&#8221;][vc_row_inner cspt-text-color=&#8221;blackish&#8221; cspt-bg-color=&#8221;white&#8221; cspt-zindex=&#8221;2&#8243; el_class=&#8221;cspt-box-shadow-1 cspt-border-radius-1&#8243; css=&#8221;.vc_custom_1581392741101{margin-right: -230px !important;margin-left: 0px !important;padding-top: 35px !important;padding-right: 35px !important;padding-bottom: 15px !important;padding-left: 25px !important;}&#8221; cspt-responsive-css=&#8221;70826736|colbreak_no|||||||||colbreak_no|||||||||colbreak_no||-15||||15||15||colbreak_no|||||||||&#8221;][vc_column_inner][vc_custom_heading text=&#8221;Sadece Birka\u00e7 Dakikada H\u0131zl\u0131 Online Dan\u0131\u015fmanl\u0131k&#8221; font_container=&#8221;tag:h5|font_size:24px|text_align:left|line_height:36px&#8221; use_theme_fonts=&#8221;yes&#8221; css=&#8221;.vc_custom_1625579104483{margin-bottom: 20px !important;}&#8221; [&hellip;]<\/p>\n","protected":false},"author":1,"featured_media":0,"parent":0,"menu_order":2,"comment_status":"closed","ping_status":"closed","template":"","meta":{"footnotes":""},"class_list":["post-11877","page","type-page","status-publish","hentry"],"_links":{"self":[{"href":"https:\/\/www.masssrcquality.com\/index.php?rest_route=\/wp\/v2\/pages\/11877","targetHints":{"allow":["GET"]}}],"collection":[{"href":"https:\/\/www.masssrcquality.com\/index.php?rest_route=\/wp\/v2\/pages"}],"about":[{"href":"https:\/\/www.masssrcquality.com\/index.php?rest_route=\/wp\/v2\/types\/page"}],"author":[{"embeddable":true,"href":"https:\/\/www.masssrcquality.com\/index.php?rest_route=\/wp\/v2\/users\/1"}],"replies":[{"embeddable":true,"href":"https:\/\/www.masssrcquality.com\/index.php?rest_route=%2Fwp%2Fv2%2Fcomments&post=11877"}],"version-history":[{"count":28,"href":"https:\/\/www.masssrcquality.com\/index.php?rest_route=\/wp\/v2\/pages\/11877\/revisions"}],"predecessor-version":[{"id":14346,"href":"https:\/\/www.masssrcquality.com\/index.php?rest_route=\/wp\/v2\/pages\/11877\/revisions\/14346"}],"wp:attachment":[{"href":"https:\/\/www.masssrcquality.com\/index.php?rest_route=%2Fwp%2Fv2%2Fmedia&parent=11877"}],"curies":[{"name":"wp","href":"https:\/\/api.w.org\/{rel}","templated":true}]}}